{"id":35111,"date":"2025-05-26T07:03:29","date_gmt":"2025-05-26T06:03:29","guid":{"rendered":"https:\/\/www.exastage.com\/product\/plugger-audio-stereo-cable-2x-xlr-w-3b-2x-6-35mm-jack-m-mono-0-60m-elite\/"},"modified":"2025-04-28T12:05:41","modified_gmt":"2025-04-28T11:05:41","slug":"plugger-audio-stereo-cable-2x-xlr-w-3b-2x-6-35mm-jack-m-mono-0-60m-elite","status":"publish","type":"product","link":"https:\/\/www.exastage.com\/en\/product\/plugger-audio-stereo-cable-2x-xlr-w-3b-2x-6-35mm-jack-m-mono-0-60m-elite\/","title":{"rendered":"Plugger &#8211; Audio Stereo Cable 2x XLR W 3b &#8211; 2x 6.35mm Jack M Mono 0.60m Elite"},"content":{"rendered":"<p># C\u00e2ble Bretelle XLR Femelle 3 broches # Jack M\u00e2le Mono 0.60m Plugger<\/p>\n<p># Diam\u00e8tre OD4<\/p>\n<p># Longueur 0.60 m\u00e8tres<\/p>\n<p># Neutrik Connectors<\/p>\n<p># Gamme Elite<\/p>\n<p>Warranty (years): 2<\/p>\n","protected":false},"excerpt":{"rendered":"<p># C\u00e2ble Bretelle XLR Femelle 3 broches # Jack M\u00e2le Mono 0.60m Plugger # Diam\u00e8tre OD4 # Longueur 0.60 m\u00e8tres # Neutrik Connectors # Gamme Elite Warranty (years): 2<\/p>\n","protected":false},"featured_media":36727,"comment_status":"open","ping_status":"open","template":"","meta":{"_acf_changed":false},"product_brand":[165],"product_cat":[1654,1660],"product_tag":[],"class_list":{"0":"post-35111","1":"product","2":"type-product","3":"status-publish","4":"has-post-thumbnail","6":"product_brand-plugger","7":"product_cat-cables","8":"product_cat-twin-cable","10":"first","11":"instock","12":"shipping-taxable","13":"purchasable","14":"product-type-simple"},"acf":[],"_links":{"self":[{"href":"https:\/\/www.exastage.com\/en\/wp-json\/wp\/v2\/product\/35111","targetHints":{"allow":["GET"]}}],"collection":[{"href":"https:\/\/www.exastage.com\/en\/wp-json\/wp\/v2\/product"}],"about":[{"href":"https:\/\/www.exastage.com\/en\/wp-json\/wp\/v2\/types\/product"}],"replies":[{"embeddable":true,"href":"https:\/\/www.exastage.com\/en\/wp-json\/wp\/v2\/comments?post=35111"}],"wp:featuredmedia":[{"embeddable":true,"href":"https:\/\/www.exastage.com\/en\/wp-json\/wp\/v2\/media\/36727"}],"wp:attachment":[{"href":"https:\/\/www.exastage.com\/en\/wp-json\/wp\/v2\/media?parent=35111"}],"wp:term":[{"taxonomy":"product_brand","embeddable":true,"href":"https:\/\/www.exastage.com\/en\/wp-json\/wp\/v2\/product_brand?post=35111"},{"taxonomy":"product_cat","embeddable":true,"href":"https:\/\/www.exastage.com\/en\/wp-json\/wp\/v2\/product_cat?post=35111"},{"taxonomy":"product_tag","embeddable":true,"href":"https:\/\/www.exastage.com\/en\/wp-json\/wp\/v2\/product_tag?post=35111"}],"curies":[{"name":"wp","href":"https:\/\/api.w.org\/{rel}","templated":true}]}}