{"id":35392,"date":"2025-05-26T07:14:32","date_gmt":"2025-05-26T06:14:32","guid":{"rendered":"https:\/\/www.exastage.com\/product\/chromateq-node-2-network-dmx-converter-art-net-sacn-made-in-france\/"},"modified":"2025-04-28T12:10:56","modified_gmt":"2025-04-28T11:10:56","slug":"chromateq-node-2-network-dmx-converter-art-net-sacn-made-in-france","status":"publish","type":"product","link":"https:\/\/www.exastage.com\/en\/product\/chromateq-node-2-network-dmx-converter-art-net-sacn-made-in-france\/","title":{"rendered":"Chromateq &#8211; NODE-2 network DMX converter, Art-Net\/sACN (Made in France)"},"content":{"rendered":"<p>DMX izlaza: 2 universa \/ 1024 (2x 512)<br \/>\nEthernet (10 Mb\/s): Da (LAN, kompatibilan s Wifi usmjeriva\u010dem)<br \/>\nPodr\u017eani ulazni protokoli: Art-Net, sACN, 2 universa (2x 512)<br \/>\nUlazi: USB-C, RJ45 Ethernet<br \/>\nPodr\u017eani mre\u017eni i IP na\u010dini rada: UDP, emitiranje, unicast, popravak IP-a, DHCP<br \/>\nFunkcija tipke: Odabir na\u010dina rada NODE (dr\u017eite 5 s)<br \/>\nOtpornost: IP22<br \/>\nNapajanje: 5V. DC, 0.25A ulaz putem USB-C, 1.5W<br \/>\nDimenzije (mm): H: 90, W: 80, D: 45<br \/>\nTe\u017eina \/ Radna temperatura \/ Certifikacija; 0,19 kg (0,42 lb) \/ -40 do +85 C\u00b0 \/ CE, RoHS<br \/>\nKonfiguracija Wi-Light 2 Appa: Da (LAN), za IP konfiguraciju<br \/>\nMe\u0111unarodno jamstvo: 2 godine<\/p>\n<p>Vi\u0161e detalja: https:\/\/www.chromateq.com\/node-2\/<\/p>\n<p>Warranty (years): 2<\/p>\n","protected":false},"excerpt":{"rendered":"<p>Convert Art-Net and sACN to a DMX signal!<\/p>\n<p>If you require remote access using standard communication, NODE-2 is an easy solution to implement on your projects.<\/p>\n<p>The NODE-2 is compatible with any standard professional lighting industry data source such as Art-Net or sACN from PC and DMX desk. NODE-2 converts and decodes all Art-Net and sACN signals into a DMX 512 signal on 2 DMX lines. It supports Unicast, Broadcast, Fixed IP and DHCP configuration on UDP and can be configured using our DEVICETOOL or web browser (very fast).<\/p>\n<p>The device can be configured via USB and Ethernet thanks to DEVICETOOL, the Wi-Light 2 application or a web browser.<\/p>\n","protected":false},"featured_media":49191,"comment_status":"open","ping_status":"open","template":"","meta":{"_acf_changed":false},"product_brand":[170],"product_cat":[1585,1572],"product_tag":[],"class_list":{"0":"post-35392","1":"product","2":"type-product","3":"status-publish","4":"has-post-thumbnail","6":"product_brand-chromateq","7":"product_cat-dmx-controller","8":"product_cat-lighting","10":"first","11":"instock","12":"shipping-taxable","13":"purchasable","14":"product-type-simple"},"acf":[],"_links":{"self":[{"href":"https:\/\/www.exastage.com\/en\/wp-json\/wp\/v2\/product\/35392","targetHints":{"allow":["GET"]}}],"collection":[{"href":"https:\/\/www.exastage.com\/en\/wp-json\/wp\/v2\/product"}],"about":[{"href":"https:\/\/www.exastage.com\/en\/wp-json\/wp\/v2\/types\/product"}],"replies":[{"embeddable":true,"href":"https:\/\/www.exastage.com\/en\/wp-json\/wp\/v2\/comments?post=35392"}],"wp:featuredmedia":[{"embeddable":true,"href":"https:\/\/www.exastage.com\/en\/wp-json\/wp\/v2\/media\/49191"}],"wp:attachment":[{"href":"https:\/\/www.exastage.com\/en\/wp-json\/wp\/v2\/media?parent=35392"}],"wp:term":[{"taxonomy":"product_brand","embeddable":true,"href":"https:\/\/www.exastage.com\/en\/wp-json\/wp\/v2\/product_brand?post=35392"},{"taxonomy":"product_cat","embeddable":true,"href":"https:\/\/www.exastage.com\/en\/wp-json\/wp\/v2\/product_cat?post=35392"},{"taxonomy":"product_tag","embeddable":true,"href":"https:\/\/www.exastage.com\/en\/wp-json\/wp\/v2\/product_tag?post=35392"}],"curies":[{"name":"wp","href":"https:\/\/api.w.org\/{rel}","templated":true}]}}