{"id":35394,"date":"2025-05-26T07:14:38","date_gmt":"2025-05-26T06:14:38","guid":{"rendered":"https:\/\/www.exastage.com\/product\/chromateq-club-512-cheap-dmx-controller-free-2-legal-software\/"},"modified":"2025-04-28T12:10:56","modified_gmt":"2025-04-28T11:10:56","slug":"chromateq-club-512-cheap-dmx-controller-free-2-legal-software","status":"publish","type":"product","link":"https:\/\/www.exastage.com\/en\/product\/chromateq-club-512-cheap-dmx-controller-free-2-legal-software\/","title":{"rendered":"Chromateq &#8211; CLUB 512, cheap DMX controller, FREE 2 legal software"},"content":{"rendered":"<p>HARDWARE &#038; DMX (Software &#038; Live) karakteristike<br \/>\n&#8211; &#8211; &#8211; &#8211; &#8211;<br \/>\nKori\u0161tenjem softwarea &#8220;PRO DMX 2&#8221;, &#8220;LED Player&#8221;, &#8220;Pro DMX&#8221;: 512 DMX kanala (ulaz\/izlaz) po ure\u0111aju<br \/>\nMe\u0111unarodno jamstvo: 3 godina<br \/>\nMaksimalno povezanih ure\u0111aja: 12 USB spojenih ure\u0111aja<br \/>\nUSB-C: Da (5V. DC, 0.1A)<br \/>\nDimenzije (mm): H: 55, W: 50, D: 37.5<br \/>\nTe\u017eina \/ Radna temperatura \/ Certifikacija: 0,085 kg \/ -40 do +85 C\u00b0 \/ CE, RoHS<\/p>\n<p>PREDPROGRAMIRANI &#8220;Standalone&#8221; RAD, karakteristike:<br \/>\n&#8211; &#8211; &#8211; &#8211; &#8211;<br \/>\nDMX izlaz (16-bitni kanali): 512 izlaz<br \/>\nZona (Reprodukcija scene): 1<br \/>\nNapajanje: Ulaz: 5V, 0.1A (USB-C) \/ 5-18V DC (konektori), Izlaz: 5V DC<\/p>\n<p>MEMORIJA (predprogramirani &#8220;Standalone&#8221;):<br \/>\n&#8211; &#8211; &#8211; &#8211; &#8211;<br \/>\nKapacitet koraka memorije: 200 ~ 2000 (200 Kb)<br \/>\nMaksimalni kapacitet scene: 512<\/p>\n<p>OKIDA\u010cI (&#8220;triggers&#8221;, standalone)<br \/>\n&#8211; &#8211; &#8211; &#8211; &#8211;<br \/>\nPametni kontakti (uklju\u010divanje, uklju\u010divanje\/isklju\u010divanje, otpu\u0161tanje, naredbe): 3 pina (okida\u010d na 5V DC)<br \/>\nInfracrveni daljinski upravlja\u010d (reprodukcija\/zaustavljanje\/pauza, prigu\u0161iva\u010d, brzina): DA<\/p>\n<p>Warranty (years): 3<\/p>\n","protected":false},"excerpt":{"rendered":"<p>There is no more reason or justification to buy illegal Chinese clones of DMX PC controller boxes and use them with illegal software! We offer a legal controller with several legal freeware!<\/p>\n<p>Chromateq CLUB 128 is a new professional DMX interface designed for small budgets and users looking for an easy-to-use DMX controller for different needs: LIVE direct control or PRE-PROGRAMMED &#8220;Stand Alone&#8221; mode. Attractive prices are ideal for limited budgets, small projects, DMX system testing, learning or promotional packages.<\/p>\n<p>Newly designed solid and small aluminum housing, and upgraded electronics that work with all versions of FREE PRO DMX 2 Chromateq software (as well as older versions of LED Player and Pro DMX or Studio DMX software).<\/p>\n<p>The internal memory can store 3 trigger actions and is equipped with a flexible DC 5-18V power input. In addition to all this, this USB to DMX interface also includes an infrared remote control in the 512 package.<br \/>\nIt is the perfect hardware for simple integration projects and projects where space is limited.<\/p>\n","protected":false},"featured_media":37597,"comment_status":"open","ping_status":"open","template":"","meta":{"_acf_changed":false},"product_brand":[170],"product_cat":[1585,1572],"product_tag":[],"class_list":{"0":"post-35394","1":"product","2":"type-product","3":"status-publish","4":"has-post-thumbnail","6":"product_brand-chromateq","7":"product_cat-dmx-controller","8":"product_cat-lighting","10":"first","11":"instock","12":"shipping-taxable","13":"purchasable","14":"product-type-simple"},"acf":[],"_links":{"self":[{"href":"https:\/\/www.exastage.com\/en\/wp-json\/wp\/v2\/product\/35394","targetHints":{"allow":["GET"]}}],"collection":[{"href":"https:\/\/www.exastage.com\/en\/wp-json\/wp\/v2\/product"}],"about":[{"href":"https:\/\/www.exastage.com\/en\/wp-json\/wp\/v2\/types\/product"}],"replies":[{"embeddable":true,"href":"https:\/\/www.exastage.com\/en\/wp-json\/wp\/v2\/comments?post=35394"}],"wp:featuredmedia":[{"embeddable":true,"href":"https:\/\/www.exastage.com\/en\/wp-json\/wp\/v2\/media\/37597"}],"wp:attachment":[{"href":"https:\/\/www.exastage.com\/en\/wp-json\/wp\/v2\/media?parent=35394"}],"wp:term":[{"taxonomy":"product_brand","embeddable":true,"href":"https:\/\/www.exastage.com\/en\/wp-json\/wp\/v2\/product_brand?post=35394"},{"taxonomy":"product_cat","embeddable":true,"href":"https:\/\/www.exastage.com\/en\/wp-json\/wp\/v2\/product_cat?post=35394"},{"taxonomy":"product_tag","embeddable":true,"href":"https:\/\/www.exastage.com\/en\/wp-json\/wp\/v2\/product_tag?post=35394"}],"curies":[{"name":"wp","href":"https:\/\/api.w.org\/{rel}","templated":true}]}}