{"id":35396,"date":"2025-05-26T07:14:45","date_gmt":"2025-05-26T06:14:45","guid":{"rendered":"https:\/\/www.exastage.com\/product\/chromateq-the-pronet-e-dmx-controller-art-net-supports-up-to-512-univers\/"},"modified":"2025-04-28T12:10:56","modified_gmt":"2025-04-28T11:10:56","slug":"chromateq-the-pronet-e-dmx-controller-art-net-supports-up-to-512-univers","status":"publish","type":"product","link":"https:\/\/www.exastage.com\/en\/product\/chromateq-the-pronet-e-dmx-controller-art-net-supports-up-to-512-univers\/","title":{"rendered":"Chromateq &#8211; The PRONET-E DMX controller, Art-Net, supports up to 512 Univers!"},"content":{"rendered":"<p>Hardver i DMX (softver i u\u017eivo)<br \/>\n&#8211; &#8211; &#8211; &#8211;<br \/>\nSoftware PRO DMX 2, PIXXEM otklju\u010dava: 1024 kanala (2&#215;512 &#8211; ulaz\/izlaz, 2 universa)<br \/>\nEthernet (10 Mb\/s): Da (LAN, kompatibilan s Wifi usmjeriva\u010dem)<br \/>\nUSB-C: Da (5V. DC, 0.2A)<br \/>\nMaksimalno povezano su\u010delja na PC: 12 (USB &#8211; 24 DMX) \/ 128 (Ethernet &#8211; 256 DMX)<br \/>\nRDM (daljinsko upravljanje ure\u0111ajima, dvosmjerni DMX): Da, samo s Pro DMX 2<br \/>\nDimenzije (mm): 90\u00d780\u00d745<br \/>\nTe\u017eina \/ Radna temperatura \/ Certifikacija: 0,19 kg \/ -40 do +85 C\u00b0 \/ CE, RoHS<br \/>\nMe\u0111unarodno jamstvo: 5 godina<\/p>\n<p>STANDALONE MODE<br \/>\nDMX izlaz (16-bitni kanali): 1024 (2&#215;512, 2 universa)<br \/>\nZona (Reprodukcija scene): 1<br \/>\nNODE (Art-Net &#038; sACN u DMX dekoder \/ pretvara\u010d): 2&#215;512 izlaz po su\u010delju<br \/>\nWi-Light 2 APP daljinski upravlja\u010d, naredbe, konfiguracija: Da (LAN)<br \/>\nNapajanje: 5V. DC, 0.25A ulaz putem USB-C<\/p>\n<p>MEMORIJA (samostalni rad):<br \/>\nKapacitet koraka memorije: 100 ~ 1024 (300 Kb)<br \/>\nMaksimalni kapacitet scena: 512<\/p>\n<p>OKIDA\u010cI (&#8220;triggeri&#8221;, samostalni):<br \/>\nInfracrveni daljinski upravlja\u010d (reprodukcija\/zaustavljanje, pauza, prigu\u0161iva\u010d, brzina): Opcionalno, nije uklju\u010deno, potreban je IR komplet<br \/>\nFunkcija tipke: SLJEDE\u0106A scena i odabir na\u010dina rada (dr\u017eite 5 s)<br \/>\nWi-Light 2 APP \/ API: Da (LAN)<br \/>\nUDP protokol (3. dio softvera iz na\u0161eg SDK-a): Da, Ethernet okida\u010di i naredbe<\/p>\n<p>SOFTWARE<br \/>\n&#8211; &#8211; &#8211; &#8211;<br \/>\nSoftware PRO DMX 2, PIXXEM, STUDIO (DMX kanala): 2&#215;512 po ure\u0111aju (ulaz\/izlaz) + 24hTimeline + Multi timeline + Timeline Live record + 3D unlimited + MIDI Time Clock + SMPTE + PC Calendar &#038; Clock Triggers<br \/>\nAudio, Video Timeline (PRO DMX 2, PIXXEM): 24h Timeline + Multi timeline + Timeline Live record + 3D unlimited + MIDI Time Clock + SMPTE + PC Calendar &#038; Clock Triggers<br \/>\nWI-LIGHT 2 &#8211; Mobile APP \/ API: Upravljanje softverom i ure\u0111ajem putem mre\u017ee LAN<br \/>\nMe\u0111unarodna online podr\u0161ka: Da, engleski, francuski, a za na\u0161e kupce i na hrvatskom!<\/p>\n<p>Art-Net, sACN, DVI, DMX ulaz\/izlaz<br \/>\n&#8211; &#8211; &#8211; &#8211;<br \/>\nART-NET, sACN izlaz (PRO DMX 2): 2&#215;512 po ure\u0111aju (max 64U)<br \/>\nART-NET, sACN izlaz (PIXXEM): 4&#215;512 po ure\u0111aju (maks. 512U)<br \/>\nDVI podr\u017eana razlu\u010divost (PIXXEM): Opcionalno (maksimalno 1920*1080)<br \/>\nART-NET, sACN Ulaz, kontrola, okida\u010di, snimanje: 1&#215;512 (maksimalno 16U)<br \/>\nDMX ulaz, kontrola, okida\u010di, snimanje: Da<br \/>\nMIDI, RS232, DMX IN, tipkovnica, hiperveze: Da<br \/>\nMIDI kontrola, Audio BEAT, BPM, Wi-Light 2, UDP: Da<\/p>\n<p>PC sat i kalendar, MTC, SMPTE: Da, 24h Timeline + Multi timeline + Timeline Live record + 3D unlimited + MIDI Time Clock + SMPTE + PC Calendar &#038; Clock Triggers<br \/>\nSnimanje vremenske trake u\u017eivo + vi\u0161estruka vremenska traka: Da, 24h Timeline + Multi timeline + Timeline Live record + 3D unlimited + MIDI Time Clock + SMPTE + PC Calendar &#038; Clock Triggers<br \/>\nPrilagodba korisni\u010dkog su\u010delja: Da<br \/>\nSinkronizacija vremenske trake zvuka, videozapisa: Da, 24 sata<\/p>\n<p>Warranty (years): 5<\/p>\n","protected":false},"excerpt":{"rendered":"<p>PRONET-E is designed for demanding projects that require a large number of DMX\/Art-Net channels. The software offers up to 24-hour audio and video timeline synchronization, Midi timecode, PC clock triggers and live (on-the-fly) timeline recording. By connecting to a computer, you can unlock several Art-Net universes in the Chromateq software, which will be controlled via a computer network card. The ideal DMX controller for all users, experienced lighting professionals and demanding projects, it excels in live performance control, audio and video timeline synchronization, and precise sound and light automation, using the FREE Chromateq &#8220;PRO DMX 2&#8221; software, which turns any computer into a powerful lighting control console. With a good internal memory capacity, you can also use it in a standalone application and use it with the FREE mobile software &#8220;Wi-Light 2&#8221; when connected to WIFI.<\/p>\n<p>Ethernet LAN \/ WLAN<br \/>\nSimple and fast communication anywhere on the local network or remotely, with DHCP or static IP addressing. The Ethernet port also enables wireless control via a WiFi router.<\/p>\n<p>Art-Net \/ sACN to DMX hub<br \/>\nSimple Art-Net\/sACN-to-DMX decode\/convert\/hub functionality in one device (no need for a separate decoder) and compatible with any data source.<\/p>\n<p>Unlocking even more Universes and timelines in the software<br \/>\nManage Artnet\/sACN universes via the Ethernet port of the computer&#8217;s network card or via an adapter. Unlock up to 30 minutes of audio and video timeline sync in the software<\/p>\n<p>Beautifully redesigned case<br \/>\nDMX IN\/OUT connection robustly built into the new elegant modular aluminum design that enables stacking of one device on top of another<\/p>\n<p>International guarantee<br \/>\n5 year warranty with lifetime free software updates<\/p>\n<p>The controller is compatible with all Chromateq programs (&#8220;Pro DMX 2&#8221;, &#8220;LED Player&#8221;, &#8220;PRO DMX&#8221;, &#8220;PIXXEM&#8221;, &#8220;Studio DMX&#8221;), can be integrated into scalable control systems designed for live performance or fixed installation or implemented individually without a computer as an elegantly simple yet sophisticated stand-alone control solution. All these lighting control programs are free and each Chromateq device or interface unlocks certain functionalities and number of universes.<\/p>\n","protected":false},"featured_media":31991,"comment_status":"open","ping_status":"open","template":"","meta":{"_acf_changed":false},"product_brand":[170],"product_cat":[1585,1572],"product_tag":[],"class_list":{"0":"post-35396","1":"product","2":"type-product","3":"status-publish","4":"has-post-thumbnail","6":"product_brand-chromateq","7":"product_cat-dmx-controller","8":"product_cat-lighting","10":"first","11":"instock","12":"shipping-taxable","13":"purchasable","14":"product-type-simple"},"acf":[],"_links":{"self":[{"href":"https:\/\/www.exastage.com\/en\/wp-json\/wp\/v2\/product\/35396","targetHints":{"allow":["GET"]}}],"collection":[{"href":"https:\/\/www.exastage.com\/en\/wp-json\/wp\/v2\/product"}],"about":[{"href":"https:\/\/www.exastage.com\/en\/wp-json\/wp\/v2\/types\/product"}],"replies":[{"embeddable":true,"href":"https:\/\/www.exastage.com\/en\/wp-json\/wp\/v2\/comments?post=35396"}],"wp:featuredmedia":[{"embeddable":true,"href":"https:\/\/www.exastage.com\/en\/wp-json\/wp\/v2\/media\/31991"}],"wp:attachment":[{"href":"https:\/\/www.exastage.com\/en\/wp-json\/wp\/v2\/media?parent=35396"}],"wp:term":[{"taxonomy":"product_brand","embeddable":true,"href":"https:\/\/www.exastage.com\/en\/wp-json\/wp\/v2\/product_brand?post=35396"},{"taxonomy":"product_cat","embeddable":true,"href":"https:\/\/www.exastage.com\/en\/wp-json\/wp\/v2\/product_cat?post=35396"},{"taxonomy":"product_tag","embeddable":true,"href":"https:\/\/www.exastage.com\/en\/wp-json\/wp\/v2\/product_tag?post=35396"}],"curies":[{"name":"wp","href":"https:\/\/api.w.org\/{rel}","templated":true}]}}