{"id":35411,"date":"2025-05-26T07:15:14","date_gmt":"2025-05-26T06:15:14","guid":{"rendered":"https:\/\/www.exastage.com\/product\/boya-boyalink-2-4g-dual-channel-all-in-one-wireless-microphone\/"},"modified":"2025-04-28T12:11:19","modified_gmt":"2025-04-28T11:11:19","slug":"boya-boyalink-2-4g-dual-channel-all-in-one-wireless-microphone","status":"publish","type":"product","link":"https:\/\/www.exastage.com\/en\/product\/boya-boyalink-2-4g-dual-channel-all-in-one-wireless-microphone\/","title":{"rendered":"Boya &#8211; BOYALINK, 2.4G Dual-Channel All-in-one Wireless Microphone"},"content":{"rendered":"<p>2.4G dvokanalni vi\u0161enamjenski be\u017ei\u010dni mikrofon<br \/>\n-30 sati trajanja baterije i domet rada od 100 m<br \/>\n-s TRS-om, Lightningom, Type-C utika\u010dem, kompatibilan sa svim ure\u0111ajima<br \/>\n-Kontrola poja\u010danja, promjenjivi M\/S na\u010din rada, isklju\u010divanje zvuka, funkcija poni\u0161tavanja buke<br \/>\n-Podr\u017eava punjenje tijekom kori\u0161tenja<\/p>\n<p>Warranty (years): 2<\/p>\n","protected":false},"excerpt":{"rendered":"<p>Transmitter: Built-in microphone with fur windshield sponge.<br \/>\nReceiver: A multi-functional receiver that can charge the device via RX when in use.<br \/>\nCharging case: Quick pairing and charging of devices<br \/>\nType-C port &#8211; for any smartphone, laptop or any other device with a Type-C port.<br \/>\nLightning adapter: MFi Certified Lightning adapter for iPhone, iPad, iPod<br \/>\n3.5 mm TRS adapter: 3.5 mm TRS adapter for DSLR, camcorder, recorder<\/p>\n","protected":false},"featured_media":13519,"comment_status":"open","ping_status":"open","template":"","meta":{"_acf_changed":false},"product_brand":[],"product_cat":[1690,1688],"product_tag":[],"class_list":{"0":"post-35411","1":"product","2":"type-product","3":"status-publish","4":"has-post-thumbnail","6":"product_cat-foto-mic","7":"product_cat-video","9":"first","10":"instock","11":"shipping-taxable","12":"purchasable","13":"product-type-simple"},"acf":[],"_links":{"self":[{"href":"https:\/\/www.exastage.com\/en\/wp-json\/wp\/v2\/product\/35411","targetHints":{"allow":["GET"]}}],"collection":[{"href":"https:\/\/www.exastage.com\/en\/wp-json\/wp\/v2\/product"}],"about":[{"href":"https:\/\/www.exastage.com\/en\/wp-json\/wp\/v2\/types\/product"}],"replies":[{"embeddable":true,"href":"https:\/\/www.exastage.com\/en\/wp-json\/wp\/v2\/comments?post=35411"}],"wp:featuredmedia":[{"embeddable":true,"href":"https:\/\/www.exastage.com\/en\/wp-json\/wp\/v2\/media\/13519"}],"wp:attachment":[{"href":"https:\/\/www.exastage.com\/en\/wp-json\/wp\/v2\/media?parent=35411"}],"wp:term":[{"taxonomy":"product_brand","embeddable":true,"href":"https:\/\/www.exastage.com\/en\/wp-json\/wp\/v2\/product_brand?post=35411"},{"taxonomy":"product_cat","embeddable":true,"href":"https:\/\/www.exastage.com\/en\/wp-json\/wp\/v2\/product_cat?post=35411"},{"taxonomy":"product_tag","embeddable":true,"href":"https:\/\/www.exastage.com\/en\/wp-json\/wp\/v2\/product_tag?post=35411"}],"curies":[{"name":"wp","href":"https:\/\/api.w.org\/{rel}","templated":true}]}}