{"id":35413,"date":"2025-05-26T07:15:18","date_gmt":"2025-05-26T06:15:18","guid":{"rendered":"https:\/\/www.exastage.com\/product\/boya-w4-ultracompact-wireless-microphone-system-4tx1rx\/"},"modified":"2025-04-28T12:11:19","modified_gmt":"2025-04-28T11:11:19","slug":"boya-w4-ultracompact-wireless-microphone-system-4tx1rx","status":"publish","type":"product","link":"https:\/\/www.exastage.com\/en\/product\/boya-w4-ultracompact-wireless-microphone-system-4tx1rx\/","title":{"rendered":"Boya &#8211; W4, Ultracompact Wireless Microphone System (4TX+1RX)"},"content":{"rendered":"<p>Dvokanalni be\u017ei\u010dni mikrofonski sustav od 2,4 GHz<br \/>\n&#8211; 4TX+1RX koji omogu\u0107uje snimanje 4 osobe u isto vrijeme<br \/>\n&#8211; &#8220;Broadcast Quality&#8221; &#8211; kvaliteta zvuka za profi kori\u0161tenje u broadcastingu<br \/>\n&#8211; Ultrakompaktan i prijenosan<br \/>\n&#8211; Kompatibilan s fotoaparatima i ure\u0111ajima s 3,5 mm priklju\u010dkom<br \/>\n&#8211; Ugra\u0111eni mikrofon za vi\u0161esmjer za hvatanje zvuka od 360\u00b0<br \/>\n&#8211; Dostupan nadzor u stvarnom vremenu<br \/>\n&#8211; Automatsko uparivanje i plug &#038; play<br \/>\n&#8211; Oda\u0161ilja\u010d lagan od 9 g, ne optere\u0107uje va\u0161u ko\u0161ulju.<br \/>\n&#8211; Automatsko uparivanje oda\u0161ilja\u010da i prijemnika, spremno za upotrebu.<br \/>\n&#8211; Vjetrobransko staklo i BOYA algoritam aktivnog poni\u0161tavanja buke za \u010disto i jasno snimanje zvuka.<br \/>\n&#8211; Rotiraju\u0107a kop\u010da i ugra\u0111ena vi\u0161esmjerna kapsula osiguravaju hvatanje zvuka na 360\u00b0.<br \/>\n&#8211; SNR 80 dB i 48 kHz 16-bitno snimanje za kvalitetu zvuka bolju od CD-a, sa 120 dB SPL za izbjegavanje izobli\u010denja.<br \/>\n&#8211; Digitalna frekvencija od 2,4 GHz s dometom prijenosa do 50 m na otvorenom prostoru.<br \/>\n&#8211; Do 9 sati trajanja baterije za oda\u0161ilja\u010d; prijemnik podr\u017eava punjenje tijekom snimanja.<\/p>\n<p>Warranty (years): 2<\/p>\n","protected":false},"excerpt":{"rendered":"<p>4 microphones + 1 receiver, the system allows recording 4 people at the same time<br \/>\nUltra-compact four-channel 2.4 GHz wireless microphone system<br \/>\nCompatible with cameras, smartphones, tablets, PCs, etc<\/p>\n","protected":false},"featured_media":13519,"comment_status":"open","ping_status":"open","template":"","meta":{"_acf_changed":false},"product_brand":[],"product_cat":[1688,1689],"product_tag":[],"class_list":{"0":"post-35413","1":"product","2":"type-product","3":"status-publish","4":"has-post-thumbnail","6":"product_cat-video","7":"product_cat-video-mic","9":"first","10":"instock","11":"shipping-taxable","12":"purchasable","13":"product-type-simple"},"acf":[],"_links":{"self":[{"href":"https:\/\/www.exastage.com\/en\/wp-json\/wp\/v2\/product\/35413","targetHints":{"allow":["GET"]}}],"collection":[{"href":"https:\/\/www.exastage.com\/en\/wp-json\/wp\/v2\/product"}],"about":[{"href":"https:\/\/www.exastage.com\/en\/wp-json\/wp\/v2\/types\/product"}],"replies":[{"embeddable":true,"href":"https:\/\/www.exastage.com\/en\/wp-json\/wp\/v2\/comments?post=35413"}],"wp:featuredmedia":[{"embeddable":true,"href":"https:\/\/www.exastage.com\/en\/wp-json\/wp\/v2\/media\/13519"}],"wp:attachment":[{"href":"https:\/\/www.exastage.com\/en\/wp-json\/wp\/v2\/media?parent=35413"}],"wp:term":[{"taxonomy":"product_brand","embeddable":true,"href":"https:\/\/www.exastage.com\/en\/wp-json\/wp\/v2\/product_brand?post=35413"},{"taxonomy":"product_cat","embeddable":true,"href":"https:\/\/www.exastage.com\/en\/wp-json\/wp\/v2\/product_cat?post=35413"},{"taxonomy":"product_tag","embeddable":true,"href":"https:\/\/www.exastage.com\/en\/wp-json\/wp\/v2\/product_tag?post=35413"}],"curies":[{"name":"wp","href":"https:\/\/api.w.org\/{rel}","templated":true}]}}