{"id":35414,"date":"2025-05-26T07:15:19","date_gmt":"2025-05-26T06:15:19","guid":{"rendered":"https:\/\/www.exastage.com\/product\/boya-v1-the-smallest-2-4ghz-wireless-microphone-lightning-connect-1tx1rx\/"},"modified":"2025-04-28T12:11:20","modified_gmt":"2025-04-28T11:11:20","slug":"boya-v1-the-smallest-2-4ghz-wireless-microphone-lightning-connect-1tx1rx","status":"publish","type":"product","link":"https:\/\/www.exastage.com\/en\/product\/boya-v1-the-smallest-2-4ghz-wireless-microphone-lightning-connect-1tx1rx\/","title":{"rendered":"Boya &#8211; V1, the smallest 2.4Ghz wireless microphone Lightning connect. (1TX+1RX)"},"content":{"rendered":"<p>&#8211; Ultrakompaktan i prenosiv (1TX + 1RX)<br \/>\n&#8211; Kompatibilan s Apple iOS ure\u0111ajima (iPhone, iPad)<br \/>\n&#8211; Vi\u0161esmjerni ugra\u0111eni mikrofon za hvatanje zvuka od 360\u00b0<br \/>\n&#8211; Mogu\u0107nost odabira poni\u0161tavanja buke (noise canceling)<br \/>\n&#8211; Automatsko uparivanje i plug&#038;play<br \/>\n&#8211; Radni domet od 50 m<br \/>\n&#8211; Tijekom kori\u0161tenja se vanjske jedinice mogu puniti<br \/>\n&#8211; Oda\u0161ilja\u010d lagan od 9 g, ne optere\u0107uje va\u0161u ko\u0161ulju.<br \/>\n&#8211; Automatsko uparivanje oda\u0161ilja\u010da i prijemnika, spremno za upotrebu.<br \/>\n&#8211; Vjetrobransko staklo i BOYA algoritam aktivnog poni\u0161tavanja buke za \u010disto i jasno snimanje zvuka.<br \/>\n&#8211; Rotiraju\u0107a kop\u010da i ugra\u0111ena vi\u0161esmjerna kapsula osiguravaju hvatanje zvuka na 360\u00b0.<br \/>\n&#8211; SNR 80 dB i 48 kHz 16-bitno snimanje za kvalitetu zvuka bolju od CD-a, sa 120 dB SPL za izbjegavanje izobli\u010denja.<br \/>\n&#8211; Digitalna frekvencija od 2,4 GHz s dometom prijenosa do 50 m na otvorenom prostoru.<br \/>\n&#8211; Do 9 sati trajanja baterije za oda\u0161ilja\u010d; prijemnik podr\u017eava punjenje tijekom snimanja.<\/p>\n<p>Warranty (years): 2<\/p>\n","protected":false},"excerpt":{"rendered":"<p>Ultra compact 2.4 GHz wireless microphone for devices with Lightning connector (Apple)<br \/>\n1 microphone and 1 receiver<br \/>\nSupports charging external devices during use<\/p>\n<p>BY-V is a series of mini microphones that offer incredible flexibility for capturing pristine sound. Features single or dual channel options, automatic pairing and 360\u00b0 audio capture. The BOYA noise cancellation algorithm ensures clear sound recording even in noisy environments. Mini but powerful, the BY-V series is the perfect wireless companion for content creation, interviewing, reporting and more.<\/p>\n","protected":false},"featured_media":13519,"comment_status":"open","ping_status":"open","template":"","meta":{"_acf_changed":false},"product_brand":[],"product_cat":[1690,1688],"product_tag":[],"class_list":{"0":"post-35414","1":"product","2":"type-product","3":"status-publish","4":"has-post-thumbnail","6":"product_cat-foto-mic","7":"product_cat-video","9":"first","10":"instock","11":"shipping-taxable","12":"purchasable","13":"product-type-simple"},"acf":[],"_links":{"self":[{"href":"https:\/\/www.exastage.com\/en\/wp-json\/wp\/v2\/product\/35414","targetHints":{"allow":["GET"]}}],"collection":[{"href":"https:\/\/www.exastage.com\/en\/wp-json\/wp\/v2\/product"}],"about":[{"href":"https:\/\/www.exastage.com\/en\/wp-json\/wp\/v2\/types\/product"}],"replies":[{"embeddable":true,"href":"https:\/\/www.exastage.com\/en\/wp-json\/wp\/v2\/comments?post=35414"}],"wp:featuredmedia":[{"embeddable":true,"href":"https:\/\/www.exastage.com\/en\/wp-json\/wp\/v2\/media\/13519"}],"wp:attachment":[{"href":"https:\/\/www.exastage.com\/en\/wp-json\/wp\/v2\/media?parent=35414"}],"wp:term":[{"taxonomy":"product_brand","embeddable":true,"href":"https:\/\/www.exastage.com\/en\/wp-json\/wp\/v2\/product_brand?post=35414"},{"taxonomy":"product_cat","embeddable":true,"href":"https:\/\/www.exastage.com\/en\/wp-json\/wp\/v2\/product_cat?post=35414"},{"taxonomy":"product_tag","embeddable":true,"href":"https:\/\/www.exastage.com\/en\/wp-json\/wp\/v2\/product_tag?post=35414"}],"curies":[{"name":"wp","href":"https:\/\/api.w.org\/{rel}","templated":true}]}}