{"id":35415,"date":"2025-05-26T07:15:22","date_gmt":"2025-05-26T06:15:22","guid":{"rendered":"https:\/\/www.exastage.com\/product\/boya-the-v10-is-the-smallest-2-4ghz-wireless-microphone-with-usb-c-connectivity-1tx1rx\/"},"modified":"2025-04-28T12:11:20","modified_gmt":"2025-04-28T11:11:20","slug":"boya-the-v10-is-the-smallest-2-4ghz-wireless-microphone-with-usb-c-connectivity-1tx1rx","status":"publish","type":"product","link":"https:\/\/www.exastage.com\/en\/product\/boya-the-v10-is-the-smallest-2-4ghz-wireless-microphone-with-usb-c-connectivity-1tx1rx\/","title":{"rendered":"Boya &#8211; The V10 is the smallest 2.4GHz wireless microphone with USB-C connectivity. (1TX+1RX)"},"content":{"rendered":"<p>Ultra kompaktni be\u017ei\u010dni mikrofon od 2,4 GHz<br \/>\n-Za ure\u0111aje tipa C, 1TX+1RX<br \/>\n-Podr\u017eava punjenje vanjskih ure\u0111aja tijekom upotrebe<br \/>\n&#8211; Oda\u0161ilja\u010d lagan od 9 g, ne optere\u0107uje va\u0161u ko\u0161ulju.<br \/>\n&#8211; Automatsko uparivanje oda\u0161ilja\u010da i prijemnika, spremno za upotrebu.<br \/>\n&#8211; Vjetrobransko staklo i BOYA algoritam aktivnog poni\u0161tavanja buke za \u010disto i jasno snimanje zvuka.<br \/>\n&#8211; Rotiraju\u0107a kop\u010da i ugra\u0111ena vi\u0161esmjerna kapsula osiguravaju hvatanje zvuka na 360\u00b0.<br \/>\n&#8211; SNR 80 dB i 48 kHz 16-bitno snimanje za kvalitetu zvuka bolju od CD-a, sa 120 dB SPL za izbjegavanje izobli\u010denja.<br \/>\n&#8211; Digitalna frekvencija od 2,4 GHz s dometom prijenosa do 50 m na otvorenom prostoru.<br \/>\n&#8211; Do 9 sati trajanja baterije za oda\u0161ilja\u010d; prijemnik podr\u017eava punjenje tijekom snimanja.<\/p>\n<p>Warranty (years): 2<\/p>\n","protected":false},"excerpt":{"rendered":"<p>Smallest 2.4GHz wireless microphone for Type-C device (1TX+1RX)<\/p>\n<p>BY-V is a series of mini microphones that offer incredible flexibility for capturing pristine sound. Features single or dual channel options, automatic pairing and 360\u00b0 audio capture. The BOYA noise cancellation algorithm ensures clear sound recording even in noisy environments. Mini but powerful, the BY-V series is the perfect wireless companion for content creation, interviewing, reporting and more.<\/p>\n","protected":false},"featured_media":13519,"comment_status":"open","ping_status":"open","template":"","meta":{"_acf_changed":false},"product_brand":[],"product_cat":[1690,1688],"product_tag":[],"class_list":{"0":"post-35415","1":"product","2":"type-product","3":"status-publish","4":"has-post-thumbnail","6":"product_cat-foto-mic","7":"product_cat-video","9":"first","10":"instock","11":"shipping-taxable","12":"purchasable","13":"product-type-simple"},"acf":[],"_links":{"self":[{"href":"https:\/\/www.exastage.com\/en\/wp-json\/wp\/v2\/product\/35415","targetHints":{"allow":["GET"]}}],"collection":[{"href":"https:\/\/www.exastage.com\/en\/wp-json\/wp\/v2\/product"}],"about":[{"href":"https:\/\/www.exastage.com\/en\/wp-json\/wp\/v2\/types\/product"}],"replies":[{"embeddable":true,"href":"https:\/\/www.exastage.com\/en\/wp-json\/wp\/v2\/comments?post=35415"}],"wp:featuredmedia":[{"embeddable":true,"href":"https:\/\/www.exastage.com\/en\/wp-json\/wp\/v2\/media\/13519"}],"wp:attachment":[{"href":"https:\/\/www.exastage.com\/en\/wp-json\/wp\/v2\/media?parent=35415"}],"wp:term":[{"taxonomy":"product_brand","embeddable":true,"href":"https:\/\/www.exastage.com\/en\/wp-json\/wp\/v2\/product_brand?post=35415"},{"taxonomy":"product_cat","embeddable":true,"href":"https:\/\/www.exastage.com\/en\/wp-json\/wp\/v2\/product_cat?post=35415"},{"taxonomy":"product_tag","embeddable":true,"href":"https:\/\/www.exastage.com\/en\/wp-json\/wp\/v2\/product_tag?post=35415"}],"curies":[{"name":"wp","href":"https:\/\/api.w.org\/{rel}","templated":true}]}}