{"id":35419,"date":"2025-05-26T07:15:30","date_gmt":"2025-05-26T06:15:30","guid":{"rendered":"https:\/\/www.exastage.com\/product\/boya-m1v2-wireless-lavalier-microphonedslrsmartphoneinterviewstream\/"},"modified":"2025-04-28T12:11:32","modified_gmt":"2025-04-28T11:11:32","slug":"boya-m1v2-wireless-lavalier-microphonedslrsmartphoneinterviewstream","status":"publish","type":"product","link":"https:\/\/www.exastage.com\/en\/product\/boya-m1v2-wireless-lavalier-microphonedslrsmartphoneinterviewstream\/","title":{"rendered":"Boya &#8211; M1V2, Wireless Lavalier Microphone,DSLR,Smartphone,Interview,Stream"},"content":{"rendered":"<p>Pakiranje:<br \/>\n&#8211; BY-M1V-TX oda\u0161ilja\u010d\u00d72<br \/>\n&#8211; BY-M1V-RX prijemnik\u00d71<br \/>\n&#8211; 3,5 mm TRS na TRS izlazni kabel za fotoaparate\u00d71<br \/>\n&#8211; 3,5 mm TRS na TRRS izlazni kabel za pametne telefone\u00d71<br \/>\n&#8211; USB-C kabel za punjenje\u00d72<br \/>\n&#8211; \u010dupava vjetroza\u0161tita \u00d72<\/p>\n<p>Warranty (years): 2<\/p>\n","protected":false},"excerpt":{"rendered":"<p>Wireless camera microphone: BOYA BY-M1V2 is an incredibly light, ultra-compact and easy-to-use 2.4GHz wireless microphone system for up to 3 people. The BY-M1V2 includes 2 transmitters and 1 receiver and provides excellent sound quality for smartphones, tablets, DSLRs and camcorders<br \/>\nBuilt-in omnidirectional microphone and 7-level gain adjustment: The transmitter has a built-in omnidirectional microphone for recording sound sources in all directions and a 3.5 mm microphone input for accessing an external lavalier microphone (not included). 7 levels of gain adjustment are available to meet different recording needs<\/p>\n","protected":false},"featured_media":13519,"comment_status":"open","ping_status":"open","template":"","meta":{"_acf_changed":false},"product_brand":[],"product_cat":[1690,1688],"product_tag":[],"class_list":{"0":"post-35419","1":"product","2":"type-product","3":"status-publish","4":"has-post-thumbnail","6":"product_cat-foto-mic","7":"product_cat-video","9":"first","10":"instock","11":"shipping-taxable","12":"purchasable","13":"product-type-simple"},"acf":[],"_links":{"self":[{"href":"https:\/\/www.exastage.com\/en\/wp-json\/wp\/v2\/product\/35419","targetHints":{"allow":["GET"]}}],"collection":[{"href":"https:\/\/www.exastage.com\/en\/wp-json\/wp\/v2\/product"}],"about":[{"href":"https:\/\/www.exastage.com\/en\/wp-json\/wp\/v2\/types\/product"}],"replies":[{"embeddable":true,"href":"https:\/\/www.exastage.com\/en\/wp-json\/wp\/v2\/comments?post=35419"}],"wp:featuredmedia":[{"embeddable":true,"href":"https:\/\/www.exastage.com\/en\/wp-json\/wp\/v2\/media\/13519"}],"wp:attachment":[{"href":"https:\/\/www.exastage.com\/en\/wp-json\/wp\/v2\/media?parent=35419"}],"wp:term":[{"taxonomy":"product_brand","embeddable":true,"href":"https:\/\/www.exastage.com\/en\/wp-json\/wp\/v2\/product_brand?post=35419"},{"taxonomy":"product_cat","embeddable":true,"href":"https:\/\/www.exastage.com\/en\/wp-json\/wp\/v2\/product_cat?post=35419"},{"taxonomy":"product_tag","embeddable":true,"href":"https:\/\/www.exastage.com\/en\/wp-json\/wp\/v2\/product_tag?post=35419"}],"curies":[{"name":"wp","href":"https:\/\/api.w.org\/{rel}","templated":true}]}}