{"id":35423,"date":"2025-05-26T07:15:38","date_gmt":"2025-05-26T06:15:38","guid":{"rendered":"https:\/\/www.exastage.com\/product\/boya-wm3t2-u1-ultracompact-lavalier-microphone-with-usb-c-2tx-1rx\/"},"modified":"2025-04-28T12:11:32","modified_gmt":"2025-04-28T11:11:32","slug":"boya-wm3t2-u1-ultracompact-lavalier-microphone-with-usb-c-2tx-1rx","status":"publish","type":"product","link":"https:\/\/www.exastage.com\/en\/product\/boya-wm3t2-u1-ultracompact-lavalier-microphone-with-usb-c-2tx-1rx\/","title":{"rendered":"Boya &#8211; WM3T2-U1, ultracompact. Lavalier Microphone with USB-C, 2TX + 1RX"},"content":{"rendered":"<p>&#8211; Jedinice \u0107e se automatski upariti \u010dim se uklju\u010de.<br \/>\n&#8211; 48KHz \/ 16bit, 20-20kHz, pru\u017ea visokokvalitetni, autenti\u010dan zvuk.<br \/>\n&#8211; Ugra\u0111ena punjiva litij-ionska baterija oda\u0161ilja\u010da pru\u017ea 10+ sati snimanja.<br \/>\n&#8211; Poni\u0161tavanje zvuka jednim klikom uklanja pozadinsku buku, \u0161to rezultira kristalnom kvalitetom zvuka.<br \/>\n&#8211; 100 metara stabilan prijenos, slobodno se kre\u0107e unutar dometa dok u\u017eivate u jasnoj isporuci zvuka.<br \/>\n&#8211; Plug-and-play, jednostavan rad, brzo postavljanje i u\u0161teda vremena.<\/p>\n<p>Warranty (years): 2<\/p>\n","protected":false},"excerpt":{"rendered":"<p>Ultra compact 2.4 GHz wireless microphone (2TX + 1RX)<br \/>\n-For mobile and PC devices with USB-C connector<br \/>\n-Supports charging external devices during use <\/p>\n<p>The BY-WM3T2 mini series is a 2.4GHz wireless microphone system that provides high quality audio for live streaming, vlogging, course recording and other audio recording applications. With an MFi certified USB-C output, the BY-WM3T2-D2 is designed for Apple iOS devices (iPad, iPhone). Including 2 transmitters, it can record two audio sources at the same time.<br \/>\nThe BY-WM3T2 series is incredibly compact and lightweight, and it&#8217;s easy to get started as long as you plug the receiver into your device. The combined weight of the TX and RX is no more than 15g, making them very portable. Due to its ultra-compact size and super light weight, the transmitter will not pull on your collar when you clip it on.<br \/>\nWhen the BY-WM3T2 receiver is connected to a smartphone, the phone can be charged via the receiver&#8217;s Type-C charging port. It ensures smooth operation for a long time, like live streaming. In addition, the transmitter&#8217;s built-in rechargeable battery provides up to 10 hours of operation, helping you get a full day of audio recording.<br \/>\nThe smart noise canceling technology can effectively identify the original sound and can record clear sound in a noisy environment. By clicking the power button twice, you can activate the noise cancellation feature. When the indicator slowly blinks blue, it is in noise canceling mode, which helps you remove surrounding noise and give you clear sound. This feature is designed for outdoor use, suppressing car and crowd noise. Designed to greatly improve sound quality, the BY-WM3T2 delivers truly exceptional audio performance for your productions.<\/p>\n","protected":false},"featured_media":13519,"comment_status":"open","ping_status":"open","template":"","meta":{"_acf_changed":false},"product_brand":[],"product_cat":[1690,1688],"product_tag":[],"class_list":{"0":"post-35423","1":"product","2":"type-product","3":"status-publish","4":"has-post-thumbnail","6":"product_cat-foto-mic","7":"product_cat-video","9":"first","10":"instock","11":"shipping-taxable","12":"purchasable","13":"product-type-simple"},"acf":[],"_links":{"self":[{"href":"https:\/\/www.exastage.com\/en\/wp-json\/wp\/v2\/product\/35423","targetHints":{"allow":["GET"]}}],"collection":[{"href":"https:\/\/www.exastage.com\/en\/wp-json\/wp\/v2\/product"}],"about":[{"href":"https:\/\/www.exastage.com\/en\/wp-json\/wp\/v2\/types\/product"}],"replies":[{"embeddable":true,"href":"https:\/\/www.exastage.com\/en\/wp-json\/wp\/v2\/comments?post=35423"}],"wp:featuredmedia":[{"embeddable":true,"href":"https:\/\/www.exastage.com\/en\/wp-json\/wp\/v2\/media\/13519"}],"wp:attachment":[{"href":"https:\/\/www.exastage.com\/en\/wp-json\/wp\/v2\/media?parent=35423"}],"wp:term":[{"taxonomy":"product_brand","embeddable":true,"href":"https:\/\/www.exastage.com\/en\/wp-json\/wp\/v2\/product_brand?post=35423"},{"taxonomy":"product_cat","embeddable":true,"href":"https:\/\/www.exastage.com\/en\/wp-json\/wp\/v2\/product_cat?post=35423"},{"taxonomy":"product_tag","embeddable":true,"href":"https:\/\/www.exastage.com\/en\/wp-json\/wp\/v2\/product_tag?post=35423"}],"curies":[{"name":"wp","href":"https:\/\/api.w.org\/{rel}","templated":true}]}}