{"id":35430,"date":"2025-05-26T07:15:52","date_gmt":"2025-05-26T06:15:52","guid":{"rendered":"https:\/\/www.exastage.com\/product\/boya-wm8-pro-k2-profi-uhf-wireless-microphone-system-2tx1rx\/"},"modified":"2025-04-28T12:11:45","modified_gmt":"2025-04-28T11:11:45","slug":"boya-wm8-pro-k2-profi-uhf-wireless-microphone-system-2tx1rx","status":"publish","type":"product","link":"https:\/\/www.exastage.com\/en\/product\/boya-wm8-pro-k2-profi-uhf-wireless-microphone-system-2tx1rx\/","title":{"rendered":"Boya &#8211; WM8 PRO-K2, profi UHF Wireless microphone system (2TX+1RX)"},"content":{"rendered":"<p>Uklju\u010duje dva oda\u0161ilja\u010da i jedan prijemnik.<br \/>\nDvokanalni be\u017ei\u010dni prijemnik odgovara za fotoaparate, kamkordere itd.<br \/>\nIdealno za snimanje intervjua, filmskih dijaloga, terenskog snimanja, emitiranja TV-a, prikupljanja vijesti itd.<br \/>\n48 UHF kanala koji se mogu odabrati.<br \/>\nZvuk kvalitete emitiranja.<br \/>\nStereo i mono na\u010din rada koji se mogu odabrati.<br \/>\nS funkcijom isklju\u010divanja zvuka.<br \/>\nLako \u010ditljivi LCD zasloni.<br \/>\nAutomatska funkcija zaklju\u010davanja LCD-a.<br \/>\nNadzor zvuka putem izlaza za slu\u0161alice (prijemnik).<br \/>\nRadni domet mo\u017ee dose\u0107i do 100 m (300 &#8216;)<\/p>\n<p>Warranty (years): 2<\/p>\n","protected":false},"excerpt":{"rendered":"<p>BY-WM8 Pro-K2 has two transmitters and one receiver in the set. The entire system is perfect for DSLRs, Mirrorless, Pro Video and any type of camera or portable audio recorder with a 3.5mm or XLR microphone input. It&#8217;s ideal for recording interviews, film dialogue, field recording, broadcast TV, news gathering, vlogging, YouTube videos and more.<\/p>\n","protected":false},"featured_media":13519,"comment_status":"open","ping_status":"open","template":"","meta":{"_acf_changed":false},"product_brand":[],"product_cat":[1688,1689],"product_tag":[],"class_list":{"0":"post-35430","1":"product","2":"type-product","3":"status-publish","4":"has-post-thumbnail","6":"product_cat-video","7":"product_cat-video-mic","9":"first","10":"instock","11":"shipping-taxable","12":"purchasable","13":"product-type-simple"},"acf":[],"_links":{"self":[{"href":"https:\/\/www.exastage.com\/en\/wp-json\/wp\/v2\/product\/35430","targetHints":{"allow":["GET"]}}],"collection":[{"href":"https:\/\/www.exastage.com\/en\/wp-json\/wp\/v2\/product"}],"about":[{"href":"https:\/\/www.exastage.com\/en\/wp-json\/wp\/v2\/types\/product"}],"replies":[{"embeddable":true,"href":"https:\/\/www.exastage.com\/en\/wp-json\/wp\/v2\/comments?post=35430"}],"wp:featuredmedia":[{"embeddable":true,"href":"https:\/\/www.exastage.com\/en\/wp-json\/wp\/v2\/media\/13519"}],"wp:attachment":[{"href":"https:\/\/www.exastage.com\/en\/wp-json\/wp\/v2\/media?parent=35430"}],"wp:term":[{"taxonomy":"product_brand","embeddable":true,"href":"https:\/\/www.exastage.com\/en\/wp-json\/wp\/v2\/product_brand?post=35430"},{"taxonomy":"product_cat","embeddable":true,"href":"https:\/\/www.exastage.com\/en\/wp-json\/wp\/v2\/product_cat?post=35430"},{"taxonomy":"product_tag","embeddable":true,"href":"https:\/\/www.exastage.com\/en\/wp-json\/wp\/v2\/product_tag?post=35430"}],"curies":[{"name":"wp","href":"https:\/\/api.w.org\/{rel}","templated":true}]}}