{"id":35440,"date":"2025-05-26T07:16:12","date_gmt":"2025-05-26T06:16:12","guid":{"rendered":"https:\/\/www.exastage.com\/product\/boya-m1-prouniversal-professional-lavalier-microphonesmartphonepcdslr\/"},"modified":"2025-04-28T12:12:10","modified_gmt":"2025-04-28T11:12:10","slug":"boya-m1-prouniversal-professional-lavalier-microphonesmartphonepcdslr","status":"publish","type":"product","link":"https:\/\/www.exastage.com\/en\/product\/boya-m1-prouniversal-professional-lavalier-microphonesmartphonepcdslr\/","title":{"rendered":"Boya &#8211; M1 PRO,Universal professional lavalier microphone:smartphone,PC,DSLR"},"content":{"rendered":"<p>Clip-on mikrofon za pametne telefone, DSLR-ove, kamkordere, audio snima\u010de, ra\u010dunala itd.<br \/>\nVisokokvalitetni kondenzatorski mikrofon, idealan za video upotrebu.<br \/>\nNiska buka pri rukovanju.<br \/>\nPrigu\u0161enje zvuka od 10 dB.<br \/>\nPra\u0107enje reprodukcije slu\u0161alica u na\u010dinu rada pametnog telefona.<br \/>\nUklju\u010duje kop\u010du za rever, bateriju LR44, vjetrobransko staklo od pjene, 1\/4&#8243; adapter.<\/p>\n<p>Warranty (years): 2<\/p>\n","protected":false},"excerpt":{"rendered":"<p>BOYA BY-M1 Pro is a universal lavalier microphone that is compatible with smartphones, computer, cameras, audio recorders and other recording devices, etc. Free with 6m long cable, foam windshield and lapel clip design With 6m long cable design, BOYA BY-M1 Pro can support stable signal transmission, adapting to long distance shooting environment. The foam windshield and lapel clip provide users with clearer sound and a freer environment.<\/p>\n","protected":false},"featured_media":13519,"comment_status":"open","ping_status":"open","template":"","meta":{"_acf_changed":false},"product_brand":[],"product_cat":[1688,1689],"product_tag":[],"class_list":{"0":"post-35440","1":"product","2":"type-product","3":"status-publish","4":"has-post-thumbnail","6":"product_cat-video","7":"product_cat-video-mic","9":"first","10":"instock","11":"shipping-taxable","12":"purchasable","13":"product-type-simple"},"acf":[],"_links":{"self":[{"href":"https:\/\/www.exastage.com\/en\/wp-json\/wp\/v2\/product\/35440","targetHints":{"allow":["GET"]}}],"collection":[{"href":"https:\/\/www.exastage.com\/en\/wp-json\/wp\/v2\/product"}],"about":[{"href":"https:\/\/www.exastage.com\/en\/wp-json\/wp\/v2\/types\/product"}],"replies":[{"embeddable":true,"href":"https:\/\/www.exastage.com\/en\/wp-json\/wp\/v2\/comments?post=35440"}],"wp:featuredmedia":[{"embeddable":true,"href":"https:\/\/www.exastage.com\/en\/wp-json\/wp\/v2\/media\/13519"}],"wp:attachment":[{"href":"https:\/\/www.exastage.com\/en\/wp-json\/wp\/v2\/media?parent=35440"}],"wp:term":[{"taxonomy":"product_brand","embeddable":true,"href":"https:\/\/www.exastage.com\/en\/wp-json\/wp\/v2\/product_brand?post=35440"},{"taxonomy":"product_cat","embeddable":true,"href":"https:\/\/www.exastage.com\/en\/wp-json\/wp\/v2\/product_cat?post=35440"},{"taxonomy":"product_tag","embeddable":true,"href":"https:\/\/www.exastage.com\/en\/wp-json\/wp\/v2\/product_tag?post=35440"}],"curies":[{"name":"wp","href":"https:\/\/api.w.org\/{rel}","templated":true}]}}