{"id":35565,"date":"2025-05-26T07:17:09","date_gmt":"2025-05-26T06:17:09","guid":{"rendered":"https:\/\/www.exastage.com\/product\/audiocenter-artist-t45-dsp-active-dsp-line-array-speaker-2000w-rms\/"},"modified":"2025-04-28T12:13:46","modified_gmt":"2025-04-28T11:13:46","slug":"audiocenter-artist-t45-dsp-active-dsp-line-array-speaker-2000w-rms","status":"publish","type":"product","link":"https:\/\/www.exastage.com\/en\/product\/audiocenter-artist-t45-dsp-active-dsp-line-array-speaker-2000w-rms\/","title":{"rendered":"AudioCenter &#8211; Artist T45-DSP: Active DSP Line Array Speaker 2,000W RMS"},"content":{"rendered":"<p>\u2666 Type : Active DSP-controlled line array loudspeaker<br \/>\n\u2666 Frequency Response(-10dB) : 63Hz-20kHz<br \/>\n\u2666 Horizontal Coverage : 120\u00b0<br \/>\n\u2666 Vertical Coverage : Splay angle dependent<br \/>\n\u2666 Maximum Calculated SPL\/1M (Continuous\/Peak) : 130dB\/136dB<br \/>\n\u2666 HF : Customized driver,1.0\u201d voice coil,1.0\u201d exit<br \/>\n\u2666 LF : Customized 4X5\u201d driver, 1.0\u201d voice coil<\/p>\n<p>DSP :<br \/>\n\u2666 Processor : 96kHz signal sampling frequency<br \/>\n\u2666 Presets : ARRAY2,ARRAY4,ARRAY6<\/p>\n<p>AMPLIFIER<br \/>\n\u2666 Amplifier Circuitry : Class D<br \/>\n\u2666 Power(RMS standards) : 1000W<br \/>\n\u2666 Peak Power : 2000W<br \/>\n\u2666 Frequency Response(1W 8\u03a9 2ch) : 20Hz-20kHz(\u00b10.5dB)<br \/>\n\u2666 Intermodulation Distortion (20Hz-20kHz, half power) : \uff1c0.05%<br \/>\n\u2666 Total Harmonic Distortion (20Hz-20kHz,Rated power 8\u03a9) : \uff1c0.05%<br \/>\n\u2666 Cooling System : Cooling with fans, air convection<br \/>\n\u2666 Protection : DC protection, short circuit protection, overheat protection, input overload protection, output overload protection, soft startup protection, overvoltage protection, undervoltage protection<br \/>\n\u2666 Signal Input Connectors : Female XLR<br \/>\n\u2666 Signal Output Connectors : Male XLR<br \/>\n\u2666 Power Input Connectors : Power connector<br \/>\n\u2666 Power Output Connectors : Power connector<br \/>\n\u2666 Working Voltage : 100V-130V~ or 220V-240V~(\u00b110%,50\/60Hz)<br \/>\n\u2666 Power consumption (1\/8 output power) : 65W<\/p>\n<p>CABINET :<br \/>\n\u2666 Cabinet : CNC made of excellent wood<br \/>\n\u2666 Angle Adjustment : 0.5\u00b0, 1.5\u00b0, 3\u00b0, 5\u00b0, 7\u00b0, 10\u00b0<br \/>\n\u2666 Coating : Durable Polyurea Coating<br \/>\n\u2666 Cabinet Color : Black is the default color. Contact Audiocenter for customization<br \/>\n\u2666 Grille : Iron mesh<br \/>\n\u2666 Handles : 2 side<br \/>\n\u2666 Optional Accessories : Flightcase with 100mm wheels \/ Durable rain bag\/ Frame for flying and ground stacking<br \/>\n\u2666 Speaker Dimension(W\u00d7H\u00d7D) : 458\u00d7293\u00d7381mm<br \/>\n\u2666 Carton Dimension(W\u00d7H\u00d7D) : 389\u00d7553\u00d7476mm<br \/>\n\u2666 Net Weight : 18.0kg<br \/>\n\u2666 Shipping Weight : 20.5kg<br \/>\n\u2666 Technical Support and After-sales Service : Global application support team\uff0cEASE GLL files available<\/p>\n<p>Warranty (years): 2<\/p>\n","protected":false},"excerpt":{"rendered":"<p>Artist T45-DSP active DSP-controlled line array adopts front bass reflex design and elaborate driver layout, the cabinet is very small and lightweight.<\/p>\n<p>OVERVIEW<br \/>\nArtist T45-DSP active DSP-controlled line array adopts front bass reflex design and elaborate driver layout, the cabinet is very small and lightweight. With innovative ETE\u2122 wave guide technology, T45-DSP delivers supreme sound performance that does not need too much correction while tuning. T45-DSP is very compact, but with very high SPL and long throw.<br \/>\nArtist T45-DSP is highly integrated with the BrainCore\u2122 technology. 3 presets can be recalled easily by the switch on the back panel. It is a plug and play system with user-friendly ergonomic design accessories to ensure easy and quick installation. The angle of the fly bar can be adjusted 0.5 \u00b0, 1.5 \u00b0, 3 \u00b0, 5 \u00b0, 7 \u00b0, 10 \u00b0 according to different venues.<\/p>\n<p>KEY FEATURES<br \/>\n\u25ba Maximum SPL 136 dB<br \/>\n\u25ba Customized driver<br \/>\n\u25ba The innovative ETETM waveguide technology can ensure excellent frequency response, to achieve very smooth transitions between HF and LF, which provides precise horizontal coverage and ensures clear and balanced sound for the system.<br \/>\n\u25ba Built in DSP with 96kHz signal sampling frequency<br \/>\n\u25ba Class D amplifier<br \/>\n\u25ba Advanced cooling system in the driver<br \/>\n\u25ba Optimized, compact and light weight cabinet design for easy use<br \/>\n\u25ba Comprehensive accessories for different applications<\/p>\n","protected":false},"featured_media":13519,"comment_status":"open","ping_status":"open","template":"","meta":{"_acf_changed":false},"product_brand":[176],"product_cat":[1577,1576],"product_tag":[],"class_list":{"0":"post-35565","1":"product","2":"type-product","3":"status-publish","4":"has-post-thumbnail","6":"product_brand-audiocenter","7":"product_cat-active-loudspeaker","8":"product_cat-sound-system","10":"first","11":"instock","12":"shipping-taxable","13":"purchasable","14":"product-type-simple"},"acf":[],"_links":{"self":[{"href":"https:\/\/www.exastage.com\/en\/wp-json\/wp\/v2\/product\/35565","targetHints":{"allow":["GET"]}}],"collection":[{"href":"https:\/\/www.exastage.com\/en\/wp-json\/wp\/v2\/product"}],"about":[{"href":"https:\/\/www.exastage.com\/en\/wp-json\/wp\/v2\/types\/product"}],"replies":[{"embeddable":true,"href":"https:\/\/www.exastage.com\/en\/wp-json\/wp\/v2\/comments?post=35565"}],"wp:featuredmedia":[{"embeddable":true,"href":"https:\/\/www.exastage.com\/en\/wp-json\/wp\/v2\/media\/13519"}],"wp:attachment":[{"href":"https:\/\/www.exastage.com\/en\/wp-json\/wp\/v2\/media?parent=35565"}],"wp:term":[{"taxonomy":"product_brand","embeddable":true,"href":"https:\/\/www.exastage.com\/en\/wp-json\/wp\/v2\/product_brand?post=35565"},{"taxonomy":"product_cat","embeddable":true,"href":"https:\/\/www.exastage.com\/en\/wp-json\/wp\/v2\/product_cat?post=35565"},{"taxonomy":"product_tag","embeddable":true,"href":"https:\/\/www.exastage.com\/en\/wp-json\/wp\/v2\/product_tag?post=35565"}],"curies":[{"name":"wp","href":"https:\/\/api.w.org\/{rel}","templated":true}]}}