{"id":35567,"date":"2025-05-26T07:17:14","date_gmt":"2025-05-26T06:17:14","guid":{"rendered":"https:\/\/www.exastage.com\/product\/audiocenter-astra-210a-2x10-active-dsp-line-array-1600w-rms\/"},"modified":"2025-04-28T12:13:46","modified_gmt":"2025-04-28T11:13:46","slug":"audiocenter-astra-210a-2x10-active-dsp-line-array-1600w-rms","status":"publish","type":"product","link":"https:\/\/www.exastage.com\/en\/product\/audiocenter-astra-210a-2x10-active-dsp-line-array-1600w-rms\/","title":{"rendered":"AudioCenter &#8211; Astra 210A: 2\u00d710&#8243; active DSP line array 1,600W RMS"},"content":{"rendered":"<p>\u2666 Type : Dual 10\u201d two-way active DSP controlled line array loudspeaker<br \/>\n\u2666 Frequency Response(-10dB) : 40Hz-20kHz<br \/>\n\u2666 Horizontal Coverage : 90\u00b0<br \/>\n\u2666 Vertical Coverage : Splay angle dependent<br \/>\n\u2666 Maximum Calculated SPL\/1M (Continuous\/Peak) : 126dB\/132dB<br \/>\n\u2666 HF : Customized driver, 2\u00d71.75\u201d voice coil,1.0\u201d exit<br \/>\n\u2666 LF : Customized 2\u00d710\u201d driver, 2.5\u201dvoice coil<\/p>\n<p>DSP :<br \/>\n\u2666 Processor : 96kHz signal sampling frequency, FIR filtering<br \/>\n\u2666 Presets : LINEAR,2 Units,W\/SUB<\/p>\n<p>AMPLIFIER :<br \/>\n\u2666 Amplifier Circuitry : Class D<br \/>\n\u2666 Power(RMS standards) : 1600W<br \/>\n\u2666 Peak Power : 3200W<br \/>\n\u2666 Frequency Response(1W 8\u03a9 2ch) : 20Hz-20kHz(\u00b10.5dB)<br \/>\n\u2666 Intermodulation Distortion (20Hz-20kHz, half power) : \uff1c0.05%<br \/>\n\u2666 Total Harmonic Distortion (20Hz-20kHz\uff0cRated power 8\u03a9) : \uff1c0.05%<br \/>\n\u2666 Cooling System : Cooling with fans<br \/>\n\u2666 Protection : DC protection, short circuit protection, overheat protection, input overload protection, output overload protection, soft startup protection, overvoltage protection, undervoltage protection<br \/>\n\u2666 Signal Input Connectors : Female XLR<br \/>\n\u2666 Signal Output Connectors : Male XLR<br \/>\n\u2666 Power Input Connectors : Power connector<br \/>\n\u2666 Power Output Connectors : Power connector<br \/>\n\u2666 AC Power Operating Range : 100V-130V~ or 220V-240V~(\u00b110%,50\/60Hz)<br \/>\n\u2666 Power consumption(1\/8 output power) : 117W<\/p>\n<p>CABINET :<br \/>\n\u2666 Cabinet Material : CNC made of excellent wood<br \/>\n\u2666 Angle Adjustment : 0\u00b0,2\u00b0,4\u00b0,6\u00b0,8\u00b0,10\u00b0<br \/>\n\u2666 Coating : Durable Polyurea Coating<br \/>\n\u2666 Cabinet Color : Black is the default color. Contact Audiocenter for customization<br \/>\n\u2666 Grille : Iron mesh<br \/>\n\u2666 Handles : 2 side,2 rear<br \/>\n\u2666 Optional Accessories : Frame for flying and ground stacking \/ Flightcase with 100mm wheels \/ Rain bag \/ Dolly<br \/>\n\u2666 Speaker Dimension(W\u00d7H\u00d7D) : 760\u00d7295\u00d7412mm<br \/>\n\u2666 Carton Dimensions (W\u00d7H\u00d7D) : 899\u00d7374\u00d7595mm<br \/>\n\u2666 Net Weight : 30.0kg<br \/>\n\u2666 Shipping Weight : 34.0kg<\/p>\n<p>Warranty (years): 2<\/p>\n","protected":false},"excerpt":{"rendered":"<p>OVERVIEW<br \/>\nThe ASTRA 210A 10-inch two-way active line array is specially designed for small to medium-scale sound reinforcement and fixed installation applications.<br \/>\nWith the innovative ETETM waveguide, the ASTRA 210A achieves even high frequency diffusion, delivering clear and powerful sound. The horizontal 90 degrees horn provides precise coverage to ensure the system output is uniform, full, and smooth, allowing the audience an exceptional auditory experience.<br \/>\nThe cabinet is made from high-quality CNC processed plywood and with polyuria coating, giving it the characteristics of being waterproof, wear-resistant and heat-resistant as well. The compact symmetrical cabinet structure not only ensures the stability and practicality of the cabinet but also effectively reduces its volume and weight, enabling easier installation and transportation. The ASTRA 210A stands out as an ideal choice for small to medium-scale sound reinforcement applications with its excellent sound quality, stability and flexibility.<\/p>\n<p>KEY FEATURES<br \/>\n\u25ba Perfect integration of BrainCore\u2122 technology achieves supreme performance of the loudspeaker system.<br \/>\n\u25ba 3 presets<br \/>\n\u25ba High end DSP, with 96kHz signal sampling frequency, with FIR filter<br \/>\n\u25ba Class D amplifier<br \/>\n\u25ba Customized Audiocenter driver<br \/>\n\u25ba Optimized, compact cabinet design<br \/>\n\u25ba Durable polyurea coating is waterproof, wear and high temperature resistant.<br \/>\n\u25ba CNC machined plywood cabinet<\/p>\n","protected":false},"featured_media":37837,"comment_status":"open","ping_status":"open","template":"","meta":{"_acf_changed":false},"product_brand":[176],"product_cat":[1577,1576],"product_tag":[],"class_list":{"0":"post-35567","1":"product","2":"type-product","3":"status-publish","4":"has-post-thumbnail","6":"product_brand-audiocenter","7":"product_cat-active-loudspeaker","8":"product_cat-sound-system","10":"first","11":"instock","12":"shipping-taxable","13":"purchasable","14":"product-type-simple"},"acf":[],"_links":{"self":[{"href":"https:\/\/www.exastage.com\/en\/wp-json\/wp\/v2\/product\/35567","targetHints":{"allow":["GET"]}}],"collection":[{"href":"https:\/\/www.exastage.com\/en\/wp-json\/wp\/v2\/product"}],"about":[{"href":"https:\/\/www.exastage.com\/en\/wp-json\/wp\/v2\/types\/product"}],"replies":[{"embeddable":true,"href":"https:\/\/www.exastage.com\/en\/wp-json\/wp\/v2\/comments?post=35567"}],"wp:featuredmedia":[{"embeddable":true,"href":"https:\/\/www.exastage.com\/en\/wp-json\/wp\/v2\/media\/37837"}],"wp:attachment":[{"href":"https:\/\/www.exastage.com\/en\/wp-json\/wp\/v2\/media?parent=35567"}],"wp:term":[{"taxonomy":"product_brand","embeddable":true,"href":"https:\/\/www.exastage.com\/en\/wp-json\/wp\/v2\/product_brand?post=35567"},{"taxonomy":"product_cat","embeddable":true,"href":"https:\/\/www.exastage.com\/en\/wp-json\/wp\/v2\/product_cat?post=35567"},{"taxonomy":"product_tag","embeddable":true,"href":"https:\/\/www.exastage.com\/en\/wp-json\/wp\/v2\/product_tag?post=35567"}],"curies":[{"name":"wp","href":"https:\/\/api.w.org\/{rel}","templated":true}]}}